{"id":2492,"date":"2023-03-10T23:44:18","date_gmt":"2023-03-10T23:44:18","guid":{"rendered":"https:\/\/agence-yapluka.fr\/?page_id=2492"},"modified":"2023-07-10T08:46:41","modified_gmt":"2023-07-10T08:46:41","slug":"mentions-legales","status":"publish","type":"page","link":"https:\/\/agence-yapluka.fr\/?page_id=2492","title":{"rendered":"Mentions l\u00e9gales"},"content":{"rendered":"\t\t<div data-elementor-type=\"wp-page\" data-elementor-id=\"2492\" class=\"elementor elementor-2492\">\n\t\t\t\t\t\t<div class=\"elementor-inner\">\n\t\t\t\t<div class=\"elementor-section-wrap\">\n\t\t\t\t\t\t\t\t\t<section class=\"elementor-section elementor-top-section elementor-element elementor-element-54952dbf elementor-section-boxed elementor-section-height-default elementor-section-height-default\" data-id=\"54952dbf\" data-element_type=\"section\">\n\t\t\t\t\t\t<div class=\"elementor-container elementor-column-gap-thegem\">\n\t\t\t\t\t\t\t<div class=\"elementor-row\">\n\t\t\t\t\t<div class=\"elementor-column elementor-col-100 elementor-top-column elementor-element elementor-element-19bdfe3f\" data-id=\"19bdfe3f\" data-element_type=\"column\">\n\t\t\t<div class=\"elementor-column-wrap elementor-element-populated\">\n\t\t\t\t\t\t\t<div class=\"elementor-widget-wrap\">\n\t\t\t\t\t\t<div class=\"elementor-element elementor-element-3e49548 flex-horizontal-align-default flex-horizontal-align-tablet-default flex-horizontal-align-mobile-default flex-vertical-align-default flex-vertical-align-tablet-default flex-vertical-align-mobile-default elementor-widget elementor-widget-text-editor\" data-id=\"3e49548\" data-element_type=\"widget\" data-widget_type=\"text-editor.default\">\n\t\t\t\t<div class=\"elementor-widget-container\">\n\t\t\t<style>\/*! elementor - v3.11.0 - 13-02-2023 *\/\n.elementor-widget-text-editor.elementor-drop-cap-view-stacked .elementor-drop-cap{background-color:#818a91;color:#fff}.elementor-widget-text-editor.elementor-drop-cap-view-framed .elementor-drop-cap{color:#818a91;border:3px solid;background-color:transparent}.elementor-widget-text-editor:not(.elementor-drop-cap-view-default) .elementor-drop-cap{margin-top:8px}.elementor-widget-text-editor:not(.elementor-drop-cap-view-default) .elementor-drop-cap-letter{width:1em;height:1em}.elementor-widget-text-editor .elementor-drop-cap{float:left;text-align:center;line-height:1;font-size:50px}.elementor-widget-text-editor .elementor-drop-cap-letter{display:inline-block}<\/style>\t\t\t\t\t<div class=\"elementor-text-editor elementor-clearfix\">\n\t\t\t\t<h6><b>Yapluka est une agence de design graphique situ\u00e9e \u00e0 Quimper, elle propose \u00e0 ses clients une approche utile, cr\u00e9ative et pertinente de la communication.<\/b><br><\/h6>\n<p>Conform\u00e9ment aux dispositions des articles 6-III et 19 de la loi pour la Confiance dans l\u2019\u00c9conomie Num\u00e9rique, nous vous informons que le pr\u00e9sent site est la propri\u00e9t\u00e9 de l\u2019agence Yapluka. Le responsable du site est Nicolas RANNOU, directeur de l\u2019agence Yapluka<\/p>\n<p>20, rue Anne Robert Jacques Turgot \u2022 BP 21015 &#8211; 29551 QUIMPER CEDEX 9<\/p>\n<p>T\u00e9l. : 02 98 95 86 98<\/p>\n<p>RCS Quimper B 375 780 723 \u2013 APE : 1812Z<\/p>\n<p>SAS au capital de 400 000 \u20ac<\/p>\n<p>Le site internet www.agence-yapluka.fr est h\u00e9berg\u00e9 par la soci\u00e9t\u00e9 HOSTINGER<\/p>\n<p>www.hostinger.fr<\/p>\n<p>Rue Jonavos 60C, Kaunas 44192 Lituanie<\/p>\n<p>T\u00e9l\u00e9phone : +37064503378<\/p>\n<p>Conception et r\u00e9alisation du site par l\u2019agence Yapluka. Pour toute r\u00e9clamation, vous pouvez \u00e9crire \u00e0 contact@agence-yapluka.fr ou \u00e0 l\u2019h\u00e9bergeur : domains@hostinger.com<\/p>\n<h3>propri\u00e9t\u00e9 intellectuelle<\/h3>\n<p>L\u2019ensemble de ce site rel\u00e8ve des l\u00e9gislations fran\u00e7aise et internationale sur le droit d\u2019auteur et la propri\u00e9t\u00e9 intellectuelle. Tous les droits de reproduction sont r\u00e9serv\u00e9s, y compris pour les documents iconographiques et photographiques. Ce site et chacun de ses \u00e9l\u00e9ments pris s\u00e9par\u00e9ment (notamment les marques, dessins et logos) sont prot\u00e9g\u00e9s par les droits de propri\u00e9t\u00e9 intellectuelle et sont la propri\u00e9t\u00e9 de l\u2019agence Yapluka. Toute reproduction, imitation et\/ou exploitation partielle ou totale sans l\u2019autorisation expresse de l\u2019agence Yapluka n\u2019est pas autoris\u00e9e, sauf demande explicite \u00e0 <a href=\"mailto:contact@agence-yapluka.fr\">contact@agence-yapluka.fr<\/a>.<\/p>\n<h3>confidentialit\u00e9<\/h3>\n<p>Conform\u00e9ment aux dispositions de la loi informatique et libert\u00e9 en date du 20 juin 2018 et du RGPD (r\u00e8glement g\u00e9n\u00e9ral sur la protection des donn\u00e9es), l\u2019agence Yapluka s\u2019engage \u00e0 ne divulguer aucun document du client \u00e0 des fins non stipul\u00e9es par celui-ci et \u00e0 en garantir, le cas \u00e9ch\u00e9ant, la confidentialit\u00e9.<\/p>\n<h3><span style=\"letter-spacing: 1.4px;\">Responsabilit\u00e9<\/span><\/h3>\n<p>Alors que nous avons effectu\u00e9 toutes les d\u00e9marches pour nous assurer de la fiabilit\u00e9 des informations contenues sur ce site internet, L\u2019agence Yapluka ne peut encourir aucune responsabilit\u00e9 du fait d\u2019erreurs, d\u2019omissions, ou pour les r\u00e9sultats qui pourraient \u00eatre obtenus par l\u2019usage de ces informations.&nbsp;<span style=\"letter-spacing: 0px;\">L\u2019agence Yapluka n\u2019est tenue que d\u2019une obligation de moyens concernant les informations qu\u2019il met \u00e0 disposition des personnes qui acc\u00e8dent \u00e0 son site internet.&nbsp;<\/span><span style=\"letter-spacing: 0px;\">Les caract\u00e9ristiques techniques, descriptions, photographies contenues sur ce site sont sujettes \u00e0 modification sans pr\u00e9avis. Les photographies sont non contractuelles.<\/span><\/p>\n<h3>cr\u00e9dits photos et vid\u00e9os<\/h3>\n<p>Yapluka, Adobe Stock.<\/p>\n<h3>contact<\/h3>\n<p>Yapluka<\/p>\n<p>20, rue Anne Robert Jacques Turgot \u2022 BP 21015 &#8211; 29551 QUIMPER CEDEX 9<\/p>\n<p>T\u00e9l. : 02 98 95 86 98<\/p>\n<p>contact@agence-yapluka.fr<\/p>\t\t\t\t\t<\/div>\n\t\t\t\t\t\t<\/div>\n\t\t\t\t<\/div>\n\t\t\t\t\t\t<\/div>\n\t\t\t\t\t<\/div>\n\t\t<\/div>\n\t\t\t\t\t\t\t\t<\/div>\n\t\t\t\t\t<\/div>\n\t\t<\/section>\n\t\t\t\t\t\t\t\t\t<\/div>\n\t\t\t<\/div>\n\t\t\t\t\t<\/div>\n\t\t","protected":false},"excerpt":{"rendered":"<p>Yapluka est une agence de design graphique situ\u00e9e \u00e0 Quimper, elle propose \u00e0 ses clients une approche utile, cr\u00e9ative et&#8230;<\/p>\n","protected":false},"author":1,"featured_media":0,"parent":0,"menu_order":0,"comment_status":"closed","ping_status":"closed","template":"","meta":{"om_disable_all_campaigns":false,"footnotes":""},"aioseo_notices":[],"_links":{"self":[{"href":"https:\/\/agence-yapluka.fr\/index.php?rest_route=\/wp\/v2\/pages\/2492"}],"collection":[{"href":"https:\/\/agence-yapluka.fr\/index.php?rest_route=\/wp\/v2\/pages"}],"about":[{"href":"https:\/\/agence-yapluka.fr\/index.php?rest_route=\/wp\/v2\/types\/page"}],"author":[{"embeddable":true,"href":"https:\/\/agence-yapluka.fr\/index.php?rest_route=\/wp\/v2\/users\/1"}],"replies":[{"embeddable":true,"href":"https:\/\/agence-yapluka.fr\/index.php?rest_route=%2Fwp%2Fv2%2Fcomments&post=2492"}],"version-history":[{"count":32,"href":"https:\/\/agence-yapluka.fr\/index.php?rest_route=\/wp\/v2\/pages\/2492\/revisions"}],"predecessor-version":[{"id":4655,"href":"https:\/\/agence-yapluka.fr\/index.php?rest_route=\/wp\/v2\/pages\/2492\/revisions\/4655"}],"wp:attachment":[{"href":"https:\/\/agence-yapluka.fr\/index.php?rest_route=%2Fwp%2Fv2%2Fmedia&parent=2492"}],"curies":[{"name":"wp","href":"https:\/\/api.w.org\/{rel}","templated":true}]}}